{"id":501,"date":"2019-06-19T09:52:01","date_gmt":"2019-06-19T07:52:01","guid":{"rendered":"http:\/\/www.jeuxmamuse.fr\/?page_id=501"},"modified":"2024-08-23T10:22:11","modified_gmt":"2024-08-23T08:22:11","slug":"professionnel-ludotheque","status":"publish","type":"page","link":"https:\/\/www.jeuxmamuse.fr\/index.php\/professionnel-ludotheque\/","title":{"rendered":"Accueil de groupes"},"content":{"rendered":"\n<p style=\"font-size:18px\">La ludoth\u00e8que souhaite favoriser les rencontres et le liens sociaux autour de ses nombreux jeux. C&rsquo;est pourquoi elle accueille volontiers des groupes de tous \u00e2ges pour leur permettre de participer \u00e0 des temps de loisirs. <\/p>\n\n\n\n<p style=\"font-size:18px\">Elle dispose d&rsquo;une grande diversit\u00e9 d&rsquo;animation et de jeux pour le public accueilli : <\/p>\n\n\n\n<ul class=\"wp-block-list\">\n<li><p style=\"font-size:18px\">Espace de jeux symboliques : cuisine, \u00e9tabli de bricoleur, cabinet v\u00e9t\u00e9rinaire&#8230; Des costumes enfants sont \u00e0 disposition. <\/p><\/li>\n\n\n\n<li><p style=\"font-size:18px\"> Zone de jeux de construction : circuits de billes, briques g\u00e9antes en cartons, Kapla\u00ae &#8230;<\/p><\/li>\n\n\n\n<li><p style=\"font-size:18px\">Espace th\u00e9matique Playmobil\u00ae : ferme, pirates, zoo &#8230;<\/p><\/li>\n\n\n\n<li><p style=\"font-size:18px\">Zone petite enfance : motricit\u00e9, jeux sensoriels &#8230;<\/p><\/li>\n\n\n\n<li><p style=\"font-size:18px\">Salle de jeux de soci\u00e9t\u00e9 : jeux d&rsquo;expression, jeux coop\u00e9ratif,  jeux de strat\u00e9gie &#8230;<\/p><\/li>\n\n\n\n<li><p style=\"font-size:18px\">Espace de jeux surdimensionn\u00e9s (soit en ext\u00e9rieur, soit dans l&rsquo;espace caf\u00e9t\u00e9ria en int\u00e9rieur).<\/p><\/li>\n<\/ul>\n\n\n\n<p style=\"font-size:18px\">Nous pouvons accueillir des groupes d&rsquo;\u00e2ges vari\u00e9s. Nous avons d\u00e9j\u00e0 accueilli des RAM ainsi que des groupes d&rsquo;adolescents.&nbsp;<\/p>\n\n\n\n<p style=\"font-size:18px\">La ludoth\u00e8que accueille les personnes \u00e0 mobilit\u00e9 r\u00e9duite (pr\u00e9sence de toilettes adapt\u00e9es, rampe d\u2019acc\u00e8s \u00e0 l\u2019entr\u00e9e).<\/p>\n\n\n\n<p style=\"font-size:18px\">La structure est \u00e9quip\u00e9e de toilettes adultes et petites enfances avec espace de changes non mixtes.<\/p>\n\n\n\n<p style=\"font-size:18px\">D&rsquo;autres informations sur la ludoth\u00e8que dans l&rsquo;onglet <a href=\"https:\/\/www.jeuxmamuse.fr\/index.php\/presentation-ludotheque-jeux-mamuse\/\">Pr\u00e9sentation de la ludoth\u00e8que<\/a>.<\/p>\n\n\n\n<p style=\"font-size:20px\"><strong>Le r\u00f4le et le positionnement de\nl\u2019accompagnant : <\/strong><\/p>\n\n\n\n<p style=\"font-size:18px\">Les enfants restent\nsous la responsabilit\u00e9 de l\u2019adulte r\u00e9f\u00e9rent. <strong>L\u2019accompagnant se place\ndans la salle principale et joue avec les enfants<\/strong>. Il\/Elle devra\norienter les enfants vers les diff\u00e9rents espaces de jeux. Il\/Elle veille \u00e0 ce\nque les enfants restent calmes et rangent petit \u00e0 petit afin de pr\u00e9server un\nespace de jeux convenable pour tous. <\/p>\n\n\n\n<figure class=\"wp-block-image aligncenter size-large is-resized\"><img fetchpriority=\"high\" decoding=\"async\" width=\"508\" height=\"224\" src=\"https:\/\/www.jeuxmamuse.fr\/wp-content\/uploads\/2020\/03\/Groupe-enfants.png\" alt=\"\" class=\"wp-image-1201\" style=\"width:592px;height:261px\" srcset=\"https:\/\/www.jeuxmamuse.fr\/wp-content\/uploads\/2020\/03\/Groupe-enfants.png 508w, https:\/\/www.jeuxmamuse.fr\/wp-content\/uploads\/2020\/03\/Groupe-enfants-300x132.png 300w\" sizes=\"(max-width: 508px) 100vw, 508px\" \/><\/figure>\n\n\n\n<p style=\"font-size:18px\">Le ludoth\u00e9caire se\npositionne dans la salle de jeux de soci\u00e9t\u00e9 afin de conseiller et d\u2019expliquer\nles r\u00e8gles. Bien s\u00fbr, il reste \u00e0 disposition pour toutes demandes et conseils.<\/p>\n&nbsp;\n\n\n\n<p style=\"font-size:20px\"><strong>Quelques r\u00e8gles \u00e0 respecter&nbsp;sur\nplace&nbsp;: <\/strong><\/p>\n\n\n\n<ul><li><p style=\"font-size:18px\">A l\u2019entr\u00e9e de la ludoth\u00e8que, merci de retirer vos chaussures et manteaux (des rangements sont pr\u00e9vus \u00e0 cet effet) <\/p><\/li><li><p style=\"font-size:18px\">Les animateurs\/trices accompagnant(e)s doivent informer en amont le public<\/p><\/li><li><p style=\"font-size:18px\">Ne pas courir<\/p><\/li><li><p style=\"font-size:18px\">Ne pas crier<\/p><\/li><li><p style=\"font-size:18px\">Respecter le mat\u00e9riel<\/p><\/li><li><p style=\"font-size:18px\">Ranger les espaces apr\u00e8s utilisation<\/p><\/li><\/ul>\n\n&nbsp;\n\n\n\n<p style=\"font-size:20px\"><strong>2 modes de facturation possible :<\/strong><\/p>\n\n\n\n<p style=\"font-size:18px\">Pour toute r\u00e9servation, il est n\u00e9cessaire de remplir la \u00ab\u00a0<a rel=\"noreferrer noopener\" aria-label=\"fiche de r\u00e9servation - Groupe (s\u2019ouvre dans un nouvel onglet)\" href=\"https:\/\/www.jeuxmamuse.fr\/wp-content\/uploads\/2020\/03\/Fiche-r\u00e9servation-groupes.pdf\" target=\"_blank\">fiche de r\u00e9servation &#8211; Groupe\u00a0\u00bb<\/a>.<\/p>\n\n\n\n<p style=\"font-size:18px\"><strong>Quelque soit le mode de facturation choisi, la pr\u00e9sence d\u2019un ou plusieurs membres de la structure est obligatoire. Le nombre d\u2019accompagnateurs d\u00e9pend du type et du nombre de public pr\u00e9sent et des agr\u00e9ments en vigueur (DDCS, PMI \u2026). <\/strong><\/p>\n&nbsp;\n\n\n\n<em><p style=\"font-size:18px\">La privatisation de la ludoth\u00e8que<\/p><\/em>\n\n\n\n<p style=\"font-size:18px\">Celle-ci peut se faire sur des cr\u00e9neaux d&rsquo;environ 1h30 ou 2h00 sur les plages horaires suivantes :<\/p>\n\n\n\n<ul class=\"wp-block-list\">\n<li><p style=\"font-size:18px\">Entre 9h00 et 12h30<\/p><\/li>\n\n\n\n<li><p style=\"font-size:18px\">Entre 14h00 et 17h00<\/p><\/li>\n<\/ul>\n\n\n\n<p style=\"font-size:18px\">Un animateur jeu sera alors pr\u00e9sent sur ce temps pour vous accueillir et animer les tables de jeu. <\/p>\n\n\n\n<p style=\"font-size:18px\">La privatisation de la ludoth\u00e8que sera factur\u00e9e <strong>100 \u20ac<\/strong>.<\/p>\n\n\n\n<p style=\"font-size:18px\">Dans ce mode de facturation, le nombre de personnes est limit\u00e9 \u00e0 40 personnes (hors accompagnants). Si vous souhaitez venir \u00e0 la ludoth\u00e8que avec un groupe plus important, veuillez nous contacter. <\/p>\n\n\n\n<p style=\"font-size:18px\"><em> L&rsquo;accueil simple<\/em><\/p>\n\n\n\n<p style=\"font-size:18px\">L\u2019accueil simple de\ngroupe permet \u00e0 des groupes restreints de profiter de tous les espaces de la\nludoth\u00e8que pendant les heures d\u2019ouverture au public. L\u2019animateur jeu ne sera\npas \u00e0 disposition du groupe en permanence. <\/p>\n\n\n\n<p style=\"font-size:18px\">Ce type d\u2019accueil est factur\u00e9 <strong>1\u20ac50 par personne<\/strong>. La gratuit\u00e9 est accord\u00e9e aux personnes accompagnantes. Pour b\u00e9n\u00e9ficier de l\u2019acc\u00e8s \u00e0 la ludoth\u00e8que\nsur les horaires d\u2019ouverture, l\u2019\u00e9tablissement devra obligatoirement \u00eatre\nadh\u00e9rent \u00e0 l\u2019association. <\/p>\n\n\n\n<p style=\"font-size:18px\">L\u2019acc\u00e8s \u00e0 la ludoth\u00e8que \u00e9tant ouvert au public sur\nce m\u00eame temps, le nombre de personne est limit\u00e9 \u00e0 16 personnes (hors accompagnants). <\/p>\n&nbsp;\n\n\n\n<p style=\"font-size:20px\"><strong>Informations utiles<\/strong>&nbsp;<strong>:<\/strong> <strong><\/strong><\/p>\n\n\n\n<p style=\"font-size:18px\">Si vous le souhaitez, votre groupe peut manger (pique-nique) dans la cour de la ludoth\u00e8que. Vous pouvez \u00e9galement profitez des parcs tels que le parc Claude-Decaen (ou Parc de l\u2019araign\u00e9e) ou le Jardin de la Venelle-Aux-Champs qui se situent \u00e0 proximit\u00e9.<\/p>\n\n\n\n<p style=\"font-size:18px\">Vous souhaitez poursuivre la journ\u00e9e sur Caen? N\u2019h\u00e9sitez pas \u00e0 prendre contact avec la responsable de notre centre de loisirs pour une rencontre inter centre.\nLe centre de loisirs se situe dans les locaux de l\u2019\u00e9cole Lyautey, soit \u00e0 400\nm\u00e8tres de la ludoth\u00e8que. Pensez \u00e0 pr\u00e9venir tr\u00e8s en avance !<\/p>\n&nbsp;\n\n\n\n<div class=\"wp-block-media-text alignwide\" style=\"grid-template-columns:29% auto\"><figure class=\"wp-block-media-text__media\"><img decoding=\"async\" width=\"1024\" height=\"709\" src=\"https:\/\/www.jeuxmamuse.fr\/wp-content\/uploads\/2020\/03\/Ludobus-1024x709.png\" alt=\"\" class=\"wp-image-1119 size-full\" srcset=\"https:\/\/www.jeuxmamuse.fr\/wp-content\/uploads\/2020\/03\/Ludobus-1024x709.png 1024w, https:\/\/www.jeuxmamuse.fr\/wp-content\/uploads\/2020\/03\/Ludobus-600x415.png 600w, https:\/\/www.jeuxmamuse.fr\/wp-content\/uploads\/2020\/03\/Ludobus-300x208.png 300w, https:\/\/www.jeuxmamuse.fr\/wp-content\/uploads\/2020\/03\/Ludobus-768x532.png 768w, https:\/\/www.jeuxmamuse.fr\/wp-content\/uploads\/2020\/03\/Ludobus.png 1069w\" sizes=\"(max-width: 1024px) 100vw, 1024px\" \/><\/figure><div class=\"wp-block-media-text__content\">\n<p style=\"font-size:20px\"><strong>Ludobus<\/strong>&nbsp;<strong>:<\/strong><\/p>\n\n\n\n<p style=\"font-size:18px\">Vous\navez un gros \u00e9v\u00e9nement au sein de votre \u00e9tablissement&nbsp;? Ou vous ne pouvez\npas vous d\u00e9placer&nbsp;? <\/p>\n\n\n\n<p style=\"font-size:18px\">Notre ludoth\u00e9caire et\nson ludobus viennent \u00e0 vous&nbsp;! Sur r\u00e9servation, notre ludoth\u00e9caire peut\nvous pr\u00e9parer une s\u00e9lection de jeux divers&nbsp;: jeux symboliques, jeux\nd\u2019expression, jeux surdimensionn\u00e9s \u2026<\/p>\n\n\n\n<p style=\"font-size:18px\">Veuillez nous\ncontacter pour convenir des modalit\u00e9s de sa venue et toute autre information. <\/p>\n<\/div><\/div>\n\n\n\n&nbsp;\n<p style=\"font-size:18px\">Ressources t\u00e9l\u00e9chargeables : <\/p>\n\n\n\n<ul class=\"wp-block-list\">\n<li><p style=\"font-size:18px\"><a href=\"https:\/\/www.jeuxmamuse.fr\/wp-content\/uploads\/2020\/03\/Fiche-accueil-groupes.pdf\" target=\"_blank\" rel=\"noreferrer noopener\" aria-label=\"Fiche de fonctionnement - Accueil de Groupe  (s\u2019ouvre dans un nouvel onglet)\">Fiche de fonctionnement &#8211; Accueil de Groupe <\/a><\/p><\/li>\n\n\n\n<li><p style=\"font-size:18px\"><a rel=\"noreferrer noopener\" aria-label=\"Fiche de r\u00e9servation - Groupe (s\u2019ouvre dans un nouvel onglet)\" href=\"https:\/\/www.jeuxmamuse.fr\/wp-content\/uploads\/2020\/03\/Fiche-r\u00e9servation-groupes.pdf\" target=\"_blank\">Fiche de r\u00e9servation &#8211; Groupe<\/a><\/p><\/li>\n<\/ul>\n","protected":false},"excerpt":{"rendered":"<p>La ludoth\u00e8que souhaite favoriser les rencontres et le liens sociaux autour de ses nombreux jeux. C&rsquo;est pourquoi elle accueille volontiers [&hellip;]<\/p>\n","protected":false},"author":1,"featured_media":0,"parent":0,"menu_order":0,"comment_status":"closed","ping_status":"closed","template":"","meta":{"site-sidebar-layout":"default","site-content-layout":"","ast-site-content-layout":"default","site-content-style":"default","site-sidebar-style":"default","ast-global-header-display":"","ast-banner-title-visibility":"","ast-main-header-display":"","ast-hfb-above-header-display":"","ast-hfb-below-header-display":"","ast-hfb-mobile-header-display":"","site-post-title":"","ast-breadcrumbs-content":"","ast-featured-img":"","footer-sml-layout":"","ast-disable-related-posts":"","theme-transparent-header-meta":"","adv-header-id-meta":"","stick-header-meta":"","header-above-stick-meta":"","header-main-stick-meta":"","header-below-stick-meta":"","astra-migrate-meta-layouts":"default","ast-page-background-enabled":"default","ast-page-background-meta":{"desktop":{"background-color":"var(--ast-global-color-5)","background-image":"","background-repeat":"repeat","background-position":"center center","background-size":"auto","background-attachment":"scroll","background-type":"","background-media":"","overlay-type":"","overlay-color":"","overlay-opacity":"","overlay-gradient":""},"tablet":{"background-color":"","background-image":"","background-repeat":"repeat","background-position":"center center","background-size":"auto","background-attachment":"scroll","background-type":"","background-media":"","overlay-type":"","overlay-color":"","overlay-opacity":"","overlay-gradient":""},"mobile":{"background-color":"","background-image":"","background-repeat":"repeat","background-position":"center center","background-size":"auto","background-attachment":"scroll","background-type":"","background-media":"","overlay-type":"","overlay-color":"","overlay-opacity":"","overlay-gradient":""}},"ast-content-background-meta":{"desktop":{"background-color":"var(--ast-global-color-4)","background-image":"","background-repeat":"repeat","background-position":"center center","background-size":"auto","background-attachment":"scroll","background-type":"","background-media":"","overlay-type":"","overlay-color":"","overlay-opacity":"","overlay-gradient":""},"tablet":{"background-color":"var(--ast-global-color-4)","background-image":"","background-repeat":"repeat","background-position":"center center","background-size":"auto","background-attachment":"scroll","background-type":"","background-media":"","overlay-type":"","overlay-color":"","overlay-opacity":"","overlay-gradient":""},"mobile":{"background-color":"var(--ast-global-color-4)","background-image":"","background-repeat":"repeat","background-position":"center center","background-size":"auto","background-attachment":"scroll","background-type":"","background-media":"","overlay-type":"","overlay-color":"","overlay-opacity":"","overlay-gradient":""}},"footnotes":""},"class_list":["post-501","page","type-page","status-publish","hentry"],"_links":{"self":[{"href":"https:\/\/www.jeuxmamuse.fr\/index.php\/wp-json\/wp\/v2\/pages\/501","targetHints":{"allow":["GET"]}}],"collection":[{"href":"https:\/\/www.jeuxmamuse.fr\/index.php\/wp-json\/wp\/v2\/pages"}],"about":[{"href":"https:\/\/www.jeuxmamuse.fr\/index.php\/wp-json\/wp\/v2\/types\/page"}],"author":[{"embeddable":true,"href":"https:\/\/www.jeuxmamuse.fr\/index.php\/wp-json\/wp\/v2\/users\/1"}],"replies":[{"embeddable":true,"href":"https:\/\/www.jeuxmamuse.fr\/index.php\/wp-json\/wp\/v2\/comments?post=501"}],"version-history":[{"count":30,"href":"https:\/\/www.jeuxmamuse.fr\/index.php\/wp-json\/wp\/v2\/pages\/501\/revisions"}],"predecessor-version":[{"id":3995,"href":"https:\/\/www.jeuxmamuse.fr\/index.php\/wp-json\/wp\/v2\/pages\/501\/revisions\/3995"}],"wp:attachment":[{"href":"https:\/\/www.jeuxmamuse.fr\/index.php\/wp-json\/wp\/v2\/media?parent=501"}],"curies":[{"name":"wp","href":"https:\/\/api.w.org\/{rel}","templated":true}]}}