{"id":2038,"date":"2022-03-11T12:03:02","date_gmt":"2022-03-11T11:03:02","guid":{"rendered":"https:\/\/www.jeuxmamuse.fr\/?page_id=2038"},"modified":"2025-06-17T17:38:37","modified_gmt":"2025-06-17T15:38:37","slug":"ludobus-2-2","status":"publish","type":"page","link":"https:\/\/www.jeuxmamuse.fr\/index.php\/ludobus-2-2\/","title":{"rendered":"Ludobus"},"content":{"rendered":"\n<div class=\"wp-block-cover is-light\"><img fetchpriority=\"high\" decoding=\"async\" width=\"2560\" height=\"1920\" class=\"wp-block-cover__image-background wp-image-2045\" alt=\"\" src=\"https:\/\/www.jeuxmamuse.fr\/wp-content\/uploads\/2022\/03\/DSC07281-floute-1-scaled.jpg\" style=\"object-position:51% 66%\" data-object-fit=\"cover\" data-object-position=\"51% 66%\" srcset=\"https:\/\/www.jeuxmamuse.fr\/wp-content\/uploads\/2022\/03\/DSC07281-floute-1-scaled.jpg 2560w, https:\/\/www.jeuxmamuse.fr\/wp-content\/uploads\/2022\/03\/DSC07281-floute-1-scaled-600x450.jpg 600w, https:\/\/www.jeuxmamuse.fr\/wp-content\/uploads\/2022\/03\/DSC07281-floute-1-300x225.jpg 300w, https:\/\/www.jeuxmamuse.fr\/wp-content\/uploads\/2022\/03\/DSC07281-floute-1-1024x768.jpg 1024w, https:\/\/www.jeuxmamuse.fr\/wp-content\/uploads\/2022\/03\/DSC07281-floute-1-768x576.jpg 768w, https:\/\/www.jeuxmamuse.fr\/wp-content\/uploads\/2022\/03\/DSC07281-floute-1-1536x1152.jpg 1536w, https:\/\/www.jeuxmamuse.fr\/wp-content\/uploads\/2022\/03\/DSC07281-floute-1-2048x1536.jpg 2048w\" sizes=\"(max-width: 2560px) 100vw, 2560px\" \/><span aria-hidden=\"true\" class=\"wp-block-cover__background has-nv-text-dark-bg-background-color has-background-dim-30 has-background-dim\"><\/span><div class=\"wp-block-cover__inner-container is-layout-flow wp-block-cover-is-layout-flow\">\n<p class=\"has-text-align-center has-nv-dark-bg-color has-text-color has-x-large-font-size\"><strong>Notre ludobus se d\u00e9place chez vous !<\/strong><\/p>\n\n\n\n<div style=\"height:85px\" aria-hidden=\"true\" class=\"wp-block-spacer\"><\/div>\n\n\n\n<div class=\"wp-block-columns is-layout-flex wp-container-core-columns-is-layout-28f84493 wp-block-columns-is-layout-flex\">\n<div class=\"wp-block-column is-layout-flow wp-block-column-is-layout-flow\" style=\"flex-basis:50%\">\n<div class=\"wp-block-buttons is-content-justification-right is-layout-flex wp-container-core-buttons-is-layout-d445cf74 wp-block-buttons-is-layout-flex\">\n<div class=\"wp-block-button is-style-primary\"><a class=\"wp-block-button__link wp-element-button\">nos jeux<\/a><\/div>\n<\/div>\n<\/div>\n\n\n\n<div class=\"wp-block-column is-layout-flow wp-block-column-is-layout-flow\" style=\"flex-basis:50%\">\n<div class=\"wp-block-buttons is-layout-flex wp-block-buttons-is-layout-flex\">\n<div class=\"wp-block-button is-style-primary\"><a class=\"wp-block-button__link has-medium-font-size has-custom-font-size wp-element-button\">Nos jeux en bois<\/a><\/div>\n<\/div>\n<\/div>\n<\/div>\n\n\n\n<div class=\"wp-block-buttons is-layout-flex wp-block-buttons-is-layout-flex\"><\/div>\n\n\n\n<div class=\"wp-block-buttons is-layout-flex wp-block-buttons-is-layout-flex\"><\/div>\n<\/div><\/div>\n\n\n\n<div style=\"height:57px\" aria-hidden=\"true\" class=\"wp-block-spacer\"><\/div>\n\n\n\n<p class=\"has-medium-font-size\">Pour permettre \u00e0 tous de jouer sans limites, notre ludobus vient chez vous pour une animation ludique qui plaira \u00e0 tous les publics. Cette ludoth\u00e8que itin\u00e9rante se d\u00e9place sur Caen et sa r\u00e9gion et s&rsquo;adresse principalement aux professionnels, aux structures et associations. <\/p>\n\n\n\n<div class=\"wp-block-media-text alignwide is-stacked-on-mobile\" style=\"grid-template-columns:24% auto\"><figure class=\"wp-block-media-text__media\"><img decoding=\"async\" width=\"1024\" height=\"709\" src=\"https:\/\/www.jeuxmamuse.fr\/wp-content\/uploads\/2020\/03\/Ludobus-1024x709.png\" alt=\"\" class=\"wp-image-1119 size-full\" srcset=\"https:\/\/www.jeuxmamuse.fr\/wp-content\/uploads\/2020\/03\/Ludobus-1024x709.png 1024w, https:\/\/www.jeuxmamuse.fr\/wp-content\/uploads\/2020\/03\/Ludobus-600x415.png 600w, https:\/\/www.jeuxmamuse.fr\/wp-content\/uploads\/2020\/03\/Ludobus-300x208.png 300w, https:\/\/www.jeuxmamuse.fr\/wp-content\/uploads\/2020\/03\/Ludobus-768x532.png 768w, https:\/\/www.jeuxmamuse.fr\/wp-content\/uploads\/2020\/03\/Ludobus.png 1069w\" sizes=\"(max-width: 1024px) 100vw, 1024px\" \/><\/figure><div class=\"wp-block-media-text__content\">\n<p class=\"has-medium-font-size\">Ainsi, des associations de parents d&rsquo;\u00e9l\u00e8ves, des centres de loisirs, des relais d&rsquo;assistantes maternelles ou encore des centres socio-culturels font appels \u00e0 nos services lors d&rsquo;une journ\u00e9e festive ou pour cr\u00e9er une animation aupr\u00e8s de leurs publics.<\/p>\n<\/div><\/div>\n\n\n\n<p class=\"has-medium-font-size\">Les activit\u00e9s ludiques que le ludobus peut mettre sur place sont multiples : <\/p>\n\n\n\n<ul class=\"wp-block-list has-medium-font-size\">\n<li>Les jeux surdimensionn\u00e9s en bois<\/li>\n\n\n\n<li>Une animation autour des bulles de savons<\/li>\n\n\n\n<li>Un espace motricit\u00e9<\/li>\n\n\n\n<li>Des espaces de jeux en tout genre : jeux de construction, jeux d&rsquo;imitation, jeux de r\u00e8gles &#8230;<\/li>\n<\/ul>\n\n\n\n<p class=\"has-medium-font-size\">Toutes les informations sont \u00e0 retrouver sur cette fiche : <a href=\"https:\/\/www.jeuxmamuse.fr\/wp-content\/uploads\/2025\/03\/Fiche-informations-ludobus.pdf\" data-type=\"link\" data-id=\"https:\/\/www.jeuxmamuse.fr\/wp-content\/uploads\/2025\/03\/Fiche-informations-ludobus.pdf\" target=\"_blank\" rel=\"noreferrer noopener\">Fiche d&rsquo;informations ludobus<\/a><\/p>\n\n\n\n<p class=\"has-medium-font-size\">Vous \u00eates interess\u00e9s et vous souhaiteriez mettre en place une animation de ce type aupr\u00e8s de votre structure ? Vous pouvez nous contacter gr\u00e2ce \u00e0 ce <a href=\"https:\/\/www.jeuxmamuse.fr\/index.php\/contact\/\">formulaire de contact<\/a> ou par t\u00e9l\u00e9phone au 02.31.82.69.87<\/p>\n","protected":false},"excerpt":{"rendered":"<p>Pour permettre \u00e0 tous de jouer sans limites, notre ludobus vient chez vous pour une animation ludique qui plaira \u00e0 [&hellip;]<\/p>\n","protected":false},"author":1,"featured_media":0,"parent":0,"menu_order":0,"comment_status":"closed","ping_status":"closed","template":"","meta":{"site-sidebar-layout":"default","site-content-layout":"","ast-site-content-layout":"default","site-content-style":"default","site-sidebar-style":"default","ast-global-header-display":"","ast-banner-title-visibility":"","ast-main-header-display":"","ast-hfb-above-header-display":"","ast-hfb-below-header-display":"","ast-hfb-mobile-header-display":"","site-post-title":"","ast-breadcrumbs-content":"","ast-featured-img":"","footer-sml-layout":"","ast-disable-related-posts":"","theme-transparent-header-meta":"","adv-header-id-meta":"","stick-header-meta":"","header-above-stick-meta":"","header-main-stick-meta":"","header-below-stick-meta":"","astra-migrate-meta-layouts":"default","ast-page-background-enabled":"default","ast-page-background-meta":{"desktop":{"background-color":"var(--ast-global-color-5)","background-image":"","background-repeat":"repeat","background-position":"center center","background-size":"auto","background-attachment":"scroll","background-type":"","background-media":"","overlay-type":"","overlay-color":"","overlay-opacity":"","overlay-gradient":""},"tablet":{"background-color":"","background-image":"","background-repeat":"repeat","background-position":"center center","background-size":"auto","background-attachment":"scroll","background-type":"","background-media":"","overlay-type":"","overlay-color":"","overlay-opacity":"","overlay-gradient":""},"mobile":{"background-color":"","background-image":"","background-repeat":"repeat","background-position":"center center","background-size":"auto","background-attachment":"scroll","background-type":"","background-media":"","overlay-type":"","overlay-color":"","overlay-opacity":"","overlay-gradient":""}},"ast-content-background-meta":{"desktop":{"background-color":"var(--ast-global-color-4)","background-image":"","background-repeat":"repeat","background-position":"center center","background-size":"auto","background-attachment":"scroll","background-type":"","background-media":"","overlay-type":"","overlay-color":"","overlay-opacity":"","overlay-gradient":""},"tablet":{"background-color":"var(--ast-global-color-4)","background-image":"","background-repeat":"repeat","background-position":"center center","background-size":"auto","background-attachment":"scroll","background-type":"","background-media":"","overlay-type":"","overlay-color":"","overlay-opacity":"","overlay-gradient":""},"mobile":{"background-color":"var(--ast-global-color-4)","background-image":"","background-repeat":"repeat","background-position":"center center","background-size":"auto","background-attachment":"scroll","background-type":"","background-media":"","overlay-type":"","overlay-color":"","overlay-opacity":"","overlay-gradient":""}},"footnotes":""},"class_list":["post-2038","page","type-page","status-publish","hentry"],"_links":{"self":[{"href":"https:\/\/www.jeuxmamuse.fr\/index.php\/wp-json\/wp\/v2\/pages\/2038","targetHints":{"allow":["GET"]}}],"collection":[{"href":"https:\/\/www.jeuxmamuse.fr\/index.php\/wp-json\/wp\/v2\/pages"}],"about":[{"href":"https:\/\/www.jeuxmamuse.fr\/index.php\/wp-json\/wp\/v2\/types\/page"}],"author":[{"embeddable":true,"href":"https:\/\/www.jeuxmamuse.fr\/index.php\/wp-json\/wp\/v2\/users\/1"}],"replies":[{"embeddable":true,"href":"https:\/\/www.jeuxmamuse.fr\/index.php\/wp-json\/wp\/v2\/comments?post=2038"}],"version-history":[{"count":13,"href":"https:\/\/www.jeuxmamuse.fr\/index.php\/wp-json\/wp\/v2\/pages\/2038\/revisions"}],"predecessor-version":[{"id":4883,"href":"https:\/\/www.jeuxmamuse.fr\/index.php\/wp-json\/wp\/v2\/pages\/2038\/revisions\/4883"}],"wp:attachment":[{"href":"https:\/\/www.jeuxmamuse.fr\/index.php\/wp-json\/wp\/v2\/media?parent=2038"}],"curies":[{"name":"wp","href":"https:\/\/api.w.org\/{rel}","templated":true}]}}