{"id":1575,"date":"2020-12-01T10:25:49","date_gmt":"2020-12-01T09:25:49","guid":{"rendered":"http:\/\/www.jeuxmamuse.fr\/?page_id=1575"},"modified":"2020-12-08T18:57:27","modified_gmt":"2020-12-08T17:57:27","slug":"protection-des-donnees-personnelles","status":"publish","type":"page","link":"https:\/\/www.jeuxmamuse.fr\/index.php\/protection-des-donnees-personnelles\/","title":{"rendered":"Protection des donn\u00e9es personnelles"},"content":{"rendered":"\n<h2 class=\"has-text-align-center wp-block-heading\"><strong><u>Charte relative aux traitements des donn\u00e9es personnelles<\/u><\/strong><\/h2>\n\n\n\n<h3 class=\"wp-block-heading\"><strong>I &#8211; Pr\u00e9ambule<\/strong><\/h3>\n\n\n\n<p>L&rsquo;association La Ronde des Bambins s&rsquo;engage dans la protection des donn\u00e9es personnelles et veille \u00e0 respecter les r\u00e9glementations issues de la Loi Informatique et Libert\u00e9s et du R\u00e8glement Europ\u00e9en dit RGPD. Afin que vous puissiez \u00eatre totalement inform\u00e9 de notre politique de protection des donn\u00e9es personnelles, nous avons \u00e9dit\u00e9 cette charte dans laquelle vous retrouverez toutes les informations concernant les traitements de vos donn\u00e9es personnelles (collecte, utilisation et conservation) que nous sommes susceptibles de mettre en \u0153uvre sur les documents, les sites internet et les logiciels de l&rsquo;association.<\/p>\n\n\n\n<p>La pr\u00e9sente politique a \u00e9t\u00e9 actualis\u00e9e le 30\/04\/2020 et sera mise \u00e0 jour autant que de besoin pour prendre en compte l&rsquo;\u00e9volution des documents, des sites internet, des services propos\u00e9s et afin de r\u00e9pondre aux exigences de la r\u00e9glementation applicable en mati\u00e8re de protection des donn\u00e9es personnelles.<\/p>\n\n\n\n<h3 class=\"wp-block-heading\"><strong>II &#8211; Types de donn\u00e9es collect\u00e9es &amp; leurs finalit\u00e9s<\/strong><\/h3>\n\n\n\n<p>L&rsquo;association collecte des donn\u00e9es personnelles principalement lorsque vous nous contactez via les divers formulaires du site internet.<\/p>\n\n\n\n<p>Chaque formulaire pr\u00e9sent sur le site limite la collecte de donn\u00e9es personnelles au strict n\u00e9cessaire. Par d\u00e9faut, seule les donn\u00e9es indispensables sont demand\u00e9es dans nos formulaires. Cependant, certaines donn\u00e9es non obligatoires peuvent \u00eatre utiles pour faciliter l&rsquo;instruction de votre demande ou am\u00e9liorer nos communications et services \u00e0 votre \u00e9gard. Dans ce cas, les champs obligatoires sont signal\u00e9s par un ast\u00e9risque. Si vous ne renseignez pas ces champs obligatoires, nous ne pourrons r\u00e9pondre \u00e0 vos demandes.<\/p>\n\n\n\n<p>De mani\u00e8re g\u00e9n\u00e9rale, l&rsquo;association collecte des donn\u00e9es relatives aux cat\u00e9gories suivantes :<\/p>\n\n\n\n<ul class=\"wp-block-list\"><li>Donn\u00e9es d&rsquo;identit\u00e9s : nom, pr\u00e9nom, coordonn\u00e9es (adresse postale, t\u00e9l\u00e9phone, adresse \u00e9lectronique) ;<\/li><li>Donn\u00e9es relatives \u00e0 la vie professionnelle : CV lorsque vous postulez via notre site internet.<\/li><\/ul>\n\n\n\n<p>En cas de demande d&rsquo;inscriptions, notamment \u00e0 chaque rentr\u00e9e scolaire, un formulaire sp\u00e9cifique est pr\u00e9sent sur le site internet de l&rsquo;association, nous am\u00e8ne \u00e0 collecter d&rsquo;autres informations personnelles telles que la date de naissance, la situation familiale ou des donn\u00e9es g\u00e9n\u00e9rales sur la sant\u00e9 afin de pouvoir \u00e9tablir une fiche de renseignement en lien avec les familles.<\/p>\n\n\n\n<p>En fonction de leur finalit\u00e9, ces donn\u00e9es sont collect\u00e9es soient parce que vous acceptez de nous les communiquer, soit parce qu&rsquo;elles sont n\u00e9cessaires \u00e0 l&rsquo;adh\u00e9sion \u00e0 l&rsquo;association, \u00e0 l&rsquo;ex\u00e9cution de nos contrats (cr\u00e8ches), soit \u00e9galement parce qu&rsquo;elles r\u00e9pondent \u00e0 une obligation l\u00e9gale.<\/p>\n\n\n\n<p>Nous collectons des donn\u00e9es pour les finalit\u00e9s suivantes :<\/p>\n\n\n\n<h5 class=\"wp-block-heading\">DEMANDE D&rsquo;INFORMATION (EN VUE D&rsquo;UNE INSCRIPTION EN CR\u00c8CHE)<\/h5>\n\n\n\n<p>Les donn\u00e9es collect\u00e9es \u00e0 ce titre ont pour finalit\u00e9 afin d&rsquo;\u00e9tudier les donn\u00e9es en vue d&rsquo;une inscription et d&rsquo;assurer une bonne orientation des demandes sur nos structures. Il s&rsquo;agit d&rsquo;un premier contact pour que l&rsquo;on puisse vous recontacter. Ces finalit\u00e9s ont pour fondement l&rsquo;ex\u00e9cution de mesures pr\u00e9contractuelles prises \u00e0 votre demande.<\/p>\n\n\n\n<h5 class=\"wp-block-heading\">PRE-INSCRIPTION EN GARDERIE<\/h5>\n\n\n\n<p>La finalit\u00e9 de ce traitement est de permettre aux familles de pr\u00e9parer leur adh\u00e9sion pour la rentr\u00e9e scolaire suivante. Ce traitement a pour fondement le consentement des familles.<\/p>\n\n\n\n<h5 class=\"wp-block-heading\">GESTION DE LA RELATION AVEC NOS ADH\u00c9RENTS<\/h5>\n\n\n\n<p>Les donn\u00e9es collect\u00e9es \u00e0 ce titre ont pour finalit\u00e9 le suivi de la relation avec nos adh\u00e9rents telle que la gestion des demandes d&rsquo;informations ou des r\u00e9clamations qui peuvent porter sur nos services, nos structures, l&rsquo;exercice de vos droits (voir ci-dessous le paragraphe V). Cette finalit\u00e9 a pour fondement notre int\u00e9r\u00eat l\u00e9gitime de pouvoir r\u00e9pondre \u00e0 vos questions.<\/p>\n\n\n\n<h5 class=\"wp-block-heading\">INFORMATIONS ET NEWSLETTERS<\/h5>\n\n\n\n<p>Cette finalit\u00e9 a pour objet de vous adresser nos informations et\/ou nos newsletters concernant notre activit\u00e9s, nos services et prestations. Cette finalit\u00e9 repose sur votre consentement, de sorte que vous pouvez choisir \u00e0 tout moment de recevoir des informations sur l&rsquo;association par email ou de vous d\u00e9sinscrire.<\/p>\n\n\n\n<h5 class=\"wp-block-heading\">RECRUTEMENT<\/h5>\n\n\n\n<p>La finalit\u00e9 du traitement des donn\u00e9es personnelles des candidats est de leur permettre de postuler spontan\u00e9ment \u00e0 diff\u00e9rents postes via le formulaire <strong>lien. <\/strong>Ce traitement a pour fondement le consentement des candidats.<\/p>\n\n\n\n<h3 class=\"wp-block-heading\"><strong>III &#8211; Temps de conservation des donn\u00e9es<\/strong><\/h3>\n\n\n\n<p>Conform\u00e9ment \u00e0 la l\u00e9gislation et la r\u00e9glementation en vigueur, vos donn\u00e9es sont conserv\u00e9es pour la dur\u00e9e strictement n\u00e9cessaire aux finalit\u00e9s poursuivies telles que d\u00e9crites ci-dessus.<\/p>\n\n\n\n<ul class=\"wp-block-list\"><li><strong>Demande d&rsquo;information (en vue d&rsquo;une inscription en cr\u00e8che)<\/strong><\/li><\/ul>\n\n\n\n<p>Si la demande n&rsquo;aboutie pas \u00e0 une inscription, les donn\u00e9es sont conserv\u00e9es sur une dur\u00e9e maximale d&rsquo;un an apr\u00e8s les derniers contacts avec le demandeur.<\/p>\n\n\n\n<p>Si la demande aboutie \u00e0 une inscription, les donn\u00e9es relatives aux adh\u00e9rents sont conserv\u00e9es le temps de sa pr\u00e9sence dans l&rsquo;organisme et le temps d\u00e9fini par la r\u00e9glementation pour pouvoir r\u00e9pondre \u00e0 un contr\u00f4le apr\u00e8s son d\u00e9part de 3 ans.<\/p>\n\n\n\n<ul class=\"wp-block-list\"><li><strong>Pr\u00e9-inscription en garderie<\/strong><\/li><\/ul>\n\n\n\n<p>Les donn\u00e9es relatives aux adh\u00e9rents sont conserv\u00e9es le temps de sa pr\u00e9sence dans l&rsquo;organisme et le temps d\u00e9fini par la r\u00e9glementation pour pouvoir r\u00e9pondre \u00e0 un contr\u00f4le apr\u00e8s son d\u00e9part de 3 ans.<\/p>\n\n\n\n<ul class=\"wp-block-list\"><li><strong>Gestion de la relation avec nos adh\u00e9rents<\/strong><\/li><\/ul>\n\n\n\n<p>Les donn\u00e9es relatives aux adh\u00e9rents sont conserv\u00e9es le temps de sa pr\u00e9sence dans l&rsquo;organisme et le temps d\u00e9fini par la r\u00e9glementation pour pouvoir r\u00e9pondre \u00e0 un contr\u00f4le apr\u00e8s son d\u00e9part de 3 ans.<\/p>\n\n\n\n<ul class=\"wp-block-list\"><li><strong>Recrutement<\/strong><\/li><\/ul>\n\n\n\n<p>La dur\u00e9e de conservation est de 2 ans apr\u00e8s le dernier contact avec le candidat.<\/p>\n\n\n\n<h3 class=\"wp-block-heading\"><strong>IV &#8211; Transmissions de vos donn\u00e9es personnelles &amp; transferts en dehors de l&rsquo;UE<\/strong><\/h3>\n\n\n\n<p>Nous ne proc\u00e9dons \u00e0 aucune cession \u00e0 des tiers, ni commercialisation de vos donn\u00e9es.<\/p>\n\n\n\n<p>Pour fournir nos services, nous pouvons cependant \u00eatre amen\u00e9s \u00e0 communiquer certaines de vos donn\u00e9es \u00e0 nos partenaires, pour lesquels ils sont eux-m\u00eames responsables de traitement. En effet, les organismes tels que la CAF, les Mairies, DDCS ou la PMI souhaitent avoir acc\u00e8s \u00e0 certaines donn\u00e9es (effectifs, \u00e2ges, lieu d&rsquo;habitation) afin de pouvoir nous verser des subventions pour garantir le fonctionnement de l&rsquo;association.<\/p>\n\n\n\n<p>L&rsquo;association h\u00e9berge vos donn\u00e9es uniquement en Europe. Aucun transfert n&rsquo;est effectu\u00e9 vers les pays hors de l&rsquo;Union Europ\u00e9enne.<\/p>\n\n\n\n<h3 class=\"wp-block-heading\"><strong>V &#8211; Droits sur vos donn\u00e9es personnelles<\/strong><\/h3>\n\n\n\n<p>Conform\u00e9ment \u00e0 la Loi Informatique et Libert\u00e9s et la r\u00e9glementation europ\u00e9enne sur la protection des donn\u00e9es personnelles, vous disposez de droits sur les donn\u00e9es vous concernant.<\/p>\n\n\n\n<p><em>Droit d&rsquo;acc\u00e8s<\/em><\/p>\n\n\n\n<p>Vous avez le droit de demander l&rsquo;acc\u00e8s \u00e0 l&rsquo;ensemble de vos donn\u00e9es personnelles fournies \u00e0 l&rsquo;association.<\/p>\n\n\n\n<p><em>Droit de rectification et d&rsquo;effacement de donn\u00e9es<\/em><\/p>\n\n\n\n<p>Vous pouvez demander la rectification de vos donn\u00e9es lorsqu&rsquo;elles sont inexactes ou incompl\u00e8tes. Vous pouvez \u00e9galement demander l&rsquo;effacement de vos donn\u00e9es uniquement dans les situations suivantes :<\/p>\n\n\n\n<ul class=\"wp-block-list\"><li>Les donn\u00e9es \u00e0 caract\u00e8re personnel ne sont plus n\u00e9cessaires au regard des finalit\u00e9s pour lesquelles elles ont \u00e9t\u00e9 collect\u00e9es ou trait\u00e9es ;<\/li><li>Vous avez retir\u00e9 votre consentement sur lequel le traitement \u00e9tait fond\u00e9 ;<\/li><li>Vous vous \u00eates oppos\u00e9 au traitement de vos donn\u00e9es et qu&rsquo;il n&rsquo;existe pas de motif l\u00e9gitime imp\u00e9rieux pour le poursuivre ;<\/li><li>Les donn\u00e9es \u00e0 caract\u00e8re personnel ont fait l&rsquo;objet d&rsquo;un traitement illicite ;<\/li><li>Les donn\u00e9es \u00e0 caract\u00e8re personnel doivent \u00eatre effac\u00e9es pour respecter une obligation l\u00e9gale qui est pr\u00e9vue par le droit de l&rsquo;Union Europ\u00e9enne ou para le droit fran\u00e7ais auquel l&rsquo;association est soumise.<\/li><\/ul>\n\n\n\n<p><em>Droit \u00e0 la limitation du traitement<\/em><\/p>\n\n\n\n<p>Vous pouvez demander une limitation des traitements de donn\u00e9es \u00e0 caract\u00e8re personnel que nous op\u00e9rons vous concernant lorsque vous contestez l&rsquo;exactitude des donn\u00e9es \u00e0 caract\u00e8re personnel et ce pendant une dur\u00e9e permettant au responsable du traitement de v\u00e9rifier l&rsquo;exactitude des donn\u00e9es \u00e0 caract\u00e8re personnel.<\/p>\n\n\n\n<p><em>Droit d&rsquo;opposition au traitement<\/em><\/p>\n\n\n\n<p>Le droit d&rsquo;opposition peut s&rsquo;exercer \u00e0 tout moment au traitement que nous r\u00e9alisons sur vos donn\u00e9es dans les situations suivantes :<\/p>\n\n\n\n<ul class=\"wp-block-list\"><li>Lorsque les donn\u00e9es sont trait\u00e9es \u00e0 des fins de prospection commerciale ;<\/li><li>Lorsque votre situation particuli\u00e8re justifie la fin du traitement ;<\/li><li>Lorsque le traitement de vos donn\u00e9es est n\u00e9cessaire aux fins des int\u00e9r\u00eats l\u00e9gitimes poursuivis par l&rsquo;association ;<\/li><li>Lorsque le traitement de vos donn\u00e9es est fond\u00e9 sur le profilage ;<\/li><\/ul>\n\n\n\n<p>Dans ce cas, l&rsquo;association ne traitera plus les donn\u00e9es personnelles, \u00e0 moins de d\u00e9montrer qu&rsquo;il existe des motifs l\u00e9gitimes et imp\u00e9rieux pour le traitement qui pr\u00e9valent sur les int\u00e9r\u00eats et les droits et libert\u00e9s de la personne concern\u00e9e, ou pour la constatation, l&rsquo;exercice ou la d\u00e9fense de droits en justice.<\/p>\n\n\n\n<p><em>Droit \u00e0 la portabilit\u00e9 de vos donn\u00e9es<\/em><\/p>\n\n\n\n<p>Vous avez le droit de demander \u00e0 l&rsquo;association de vous transmettre les donn\u00e9es personnelles qui vous concernent et que vous avez fournies.<\/p>\n\n\n\n<p><em>Droit de d\u00e9finir le sort de vos donn\u00e9es apr\u00e8s le d\u00e9c\u00e8s<\/em><\/p>\n\n\n\n<p>Vous avez la possibilit\u00e9 de nous communiquer des directives relatives \u00e0 la conservation, \u00e0 l&rsquo;effacement et \u00e0 la communication de vos donn\u00e9es personnelles apr\u00e8s votre d\u00e9c\u00e8s.<\/p>\n\n\n\n<p><em>Droit d&rsquo;introduire une r\u00e9clamation aupr\u00e8s de l&rsquo;autorit\u00e9 de contr\u00f4le<\/em><\/p>\n\n\n\n<p>Vous avez le droit d&rsquo;introduire une r\u00e9clamation aupr\u00e8s de la Commission Nationale Informatique et Libert\u00e9s (CNIL) si vous consid\u00e9rez que le traitement de donn\u00e9es \u00e0 caract\u00e8re personnel qui vous concerne constitue une violation du R\u00e8glement Europ\u00e9en sur la Protection des Donn\u00e9es.<\/p>\n\n\n\n<p>Contact : CNIL &#8211; 3 place de Fontenoy &#8211; TSA 80715 &#8211; 75334 PARIS CEDEX 07 &#8211; www.cnil.fr<\/p>\n\n\n\n<h3 class=\"wp-block-heading\"><strong>VI &#8211; Responsable du traitement des donn\u00e9es<\/strong><\/h3>\n\n\n\n<p>Vous pouvez contacter le d\u00e9l\u00e9gu\u00e9 \u00e0 la protection des donn\u00e9es (DPO) pour toutes informations ou pour exercer vos droits via <strong>ce formulaire<\/strong> ou par courrier sign\u00e9 et accompagn\u00e9 de la copie de votre carte d&rsquo;identit\u00e9 \u00e0 l&rsquo;adresse suivante :<\/p>\n\n\n\n<div class=\"wp-block-group\"><div class=\"wp-block-group__inner-container is-layout-flow wp-block-group-is-layout-flow\">\n<p><strong>Association La Ronde des Bambins<\/strong><\/p>\n\n\n\n<p><strong>9 boulevard Lyautey<\/strong><\/p>\n\n\n\n<p><strong>14000 CAEN<\/strong><\/p>\n<\/div><\/div>\n","protected":false},"excerpt":{"rendered":"<p>Charte relative aux traitements des donn\u00e9es personnelles I &#8211; Pr\u00e9ambule L&rsquo;association La Ronde des Bambins s&rsquo;engage dans la protection des [&hellip;]<\/p>\n","protected":false},"author":1,"featured_media":0,"parent":0,"menu_order":0,"comment_status":"closed","ping_status":"closed","template":"","meta":{"site-sidebar-layout":"default","site-content-layout":"","ast-site-content-layout":"default","site-content-style":"default","site-sidebar-style":"default","ast-global-header-display":"","ast-banner-title-visibility":"","ast-main-header-display":"","ast-hfb-above-header-display":"","ast-hfb-below-header-display":"","ast-hfb-mobile-header-display":"","site-post-title":"","ast-breadcrumbs-content":"","ast-featured-img":"","footer-sml-layout":"","ast-disable-related-posts":"","theme-transparent-header-meta":"","adv-header-id-meta":"","stick-header-meta":"","header-above-stick-meta":"","header-main-stick-meta":"","header-below-stick-meta":"","astra-migrate-meta-layouts":"default","ast-page-background-enabled":"default","ast-page-background-meta":{"desktop":{"background-color":"var(--ast-global-color-5)","background-image":"","background-repeat":"repeat","background-position":"center center","background-size":"auto","background-attachment":"scroll","background-type":"","background-media":"","overlay-type":"","overlay-color":"","overlay-opacity":"","overlay-gradient":""},"tablet":{"background-color":"","background-image":"","background-repeat":"repeat","background-position":"center center","background-size":"auto","background-attachment":"scroll","background-type":"","background-media":"","overlay-type":"","overlay-color":"","overlay-opacity":"","overlay-gradient":""},"mobile":{"background-color":"","background-image":"","background-repeat":"repeat","background-position":"center center","background-size":"auto","background-attachment":"scroll","background-type":"","background-media":"","overlay-type":"","overlay-color":"","overlay-opacity":"","overlay-gradient":""}},"ast-content-background-meta":{"desktop":{"background-color":"var(--ast-global-color-4)","background-image":"","background-repeat":"repeat","background-position":"center center","background-size":"auto","background-attachment":"scroll","background-type":"","background-media":"","overlay-type":"","overlay-color":"","overlay-opacity":"","overlay-gradient":""},"tablet":{"background-color":"var(--ast-global-color-4)","background-image":"","background-repeat":"repeat","background-position":"center center","background-size":"auto","background-attachment":"scroll","background-type":"","background-media":"","overlay-type":"","overlay-color":"","overlay-opacity":"","overlay-gradient":""},"mobile":{"background-color":"var(--ast-global-color-4)","background-image":"","background-repeat":"repeat","background-position":"center center","background-size":"auto","background-attachment":"scroll","background-type":"","background-media":"","overlay-type":"","overlay-color":"","overlay-opacity":"","overlay-gradient":""}},"footnotes":""},"class_list":["post-1575","page","type-page","status-publish","hentry"],"_links":{"self":[{"href":"https:\/\/www.jeuxmamuse.fr\/index.php\/wp-json\/wp\/v2\/pages\/1575","targetHints":{"allow":["GET"]}}],"collection":[{"href":"https:\/\/www.jeuxmamuse.fr\/index.php\/wp-json\/wp\/v2\/pages"}],"about":[{"href":"https:\/\/www.jeuxmamuse.fr\/index.php\/wp-json\/wp\/v2\/types\/page"}],"author":[{"embeddable":true,"href":"https:\/\/www.jeuxmamuse.fr\/index.php\/wp-json\/wp\/v2\/users\/1"}],"replies":[{"embeddable":true,"href":"https:\/\/www.jeuxmamuse.fr\/index.php\/wp-json\/wp\/v2\/comments?post=1575"}],"version-history":[{"count":2,"href":"https:\/\/www.jeuxmamuse.fr\/index.php\/wp-json\/wp\/v2\/pages\/1575\/revisions"}],"predecessor-version":[{"id":1621,"href":"https:\/\/www.jeuxmamuse.fr\/index.php\/wp-json\/wp\/v2\/pages\/1575\/revisions\/1621"}],"wp:attachment":[{"href":"https:\/\/www.jeuxmamuse.fr\/index.php\/wp-json\/wp\/v2\/media?parent=1575"}],"curies":[{"name":"wp","href":"https:\/\/api.w.org\/{rel}","templated":true}]}}