{"id":1336,"date":"2020-09-01T15:20:39","date_gmt":"2020-09-01T13:20:39","guid":{"rendered":"http:\/\/www.jeuxmamuse.fr\/?page_id=1336"},"modified":"2021-09-24T12:30:47","modified_gmt":"2021-09-24T10:30:47","slug":"reservation-datelier-parents-enfants","status":"publish","type":"page","link":"https:\/\/www.jeuxmamuse.fr\/index.php\/reservation-datelier-parents-enfants\/","title":{"rendered":"Prochains ateliers &#038; R\u00e9servation"},"content":{"rendered":"\n<h4 class=\"has-text-align-left wp-block-heading\">Retrouvez sur cette page les formulaires d&rsquo;inscription pour nos prochains ateliers parents-enfants. <\/h4>\n\n\n\n<h4 class=\"has-text-align-left wp-block-heading\">Aucun formulaire n&rsquo;est visible ? Pas de panique ! Nous les mettons \u00e0 jour r\u00e9guli\u00e8rement et les rendons accessibles uniquement lorsqu&rsquo;un atelier est programm\u00e9 et qu&rsquo;il n\u00e9cessite une r\u00e9servation. <\/h4>\n\n\n\n<hr class=\"wp-block-separator is-style-wide\"\/>\n\n\n\n<div style=\"height:45px\" aria-hidden=\"true\" class=\"wp-block-spacer\"><\/div>\n\n\n\n<div class=\"wp-block-media-text alignwide has-media-on-the-right is-stacked-on-mobile\" style=\"grid-template-columns:auto 35%\"><figure class=\"wp-block-media-text__media\"><img fetchpriority=\"high\" decoding=\"async\" width=\"400\" height=\"300\" src=\"https:\/\/www.jeuxmamuse.fr\/wp-content\/uploads\/2021\/09\/Vignette-Atelier-Eveil-des-5-sens-23.10.png\" alt=\"\" class=\"wp-image-1882 size-full\" srcset=\"https:\/\/www.jeuxmamuse.fr\/wp-content\/uploads\/2021\/09\/Vignette-Atelier-Eveil-des-5-sens-23.10.png 400w, https:\/\/www.jeuxmamuse.fr\/wp-content\/uploads\/2021\/09\/Vignette-Atelier-Eveil-des-5-sens-23.10-300x225.png 300w\" sizes=\"(max-width: 400px) 100vw, 400px\" \/><\/figure><div class=\"wp-block-media-text__content\">\n<p style=\"font-size:24px\"><strong><u>Atelier Parents-Enfants Eveil des 5 sens &#8211; Samedi 23 octobre 2021<\/u><\/strong><\/p>\n\n\n\n<p class=\"has-medium-font-size\">Sur r\u00e9servation : <a href=\"https:\/\/www.linscription.com\/pro\/activite.php?P1=78833\" target=\"_blank\" rel=\"noreferrer noopener\">cliquez ici<\/a><\/p>\n\n\n\n<p class=\"has-medium-font-size\">Retrouvez l&rsquo;\u00e9quipe de la ludoth\u00e8que pour atelier autour des 5 sens. Ainsi, de nombreux jeux et jouets faisant appel \u00e0 un ou plusieurs sens vous seront pr\u00e9sent\u00e9s. Petits et grands auront le plaisir de (re)d\u00e9couvrir diverses sensations : senteurs, saveurs, bruits, textures seront au rendez-vous. Cet atelier s&rsquo;adresse principalement aux enfants de 6 mois \u00e0 10 ans. <\/p>\n<\/div><\/div>\n\n\n\n<div class=\"wp-block-media-text alignwide is-stacked-on-mobile\" style=\"grid-template-columns:37% auto\"><figure class=\"wp-block-media-text__media\"><img decoding=\"async\" width=\"400\" height=\"300\" src=\"https:\/\/www.jeuxmamuse.fr\/wp-content\/uploads\/2021\/09\/Vignette-3010-Tapis-dautomne-Linscription.com_.png\" alt=\"\" class=\"wp-image-1890 size-full\" srcset=\"https:\/\/www.jeuxmamuse.fr\/wp-content\/uploads\/2021\/09\/Vignette-3010-Tapis-dautomne-Linscription.com_.png 400w, https:\/\/www.jeuxmamuse.fr\/wp-content\/uploads\/2021\/09\/Vignette-3010-Tapis-dautomne-Linscription.com_-300x225.png 300w\" sizes=\"(max-width: 400px) 100vw, 400px\" \/><\/figure><div class=\"wp-block-media-text__content\">\n<p style=\"font-size:24px\"><strong><u>Atelier Familles Tapis \u00e0 Histoire d&rsquo;automne- Samedi 30 octobre 2021<\/u><\/strong><\/p>\n\n\n\n<p class=\"has-medium-font-size\">Sur r\u00e9servation : <a href=\"https:\/\/www.linscription.com\/pro\/activite.php?P1=78819\" target=\"_blank\" rel=\"noreferrer noopener\">cliquez ici<\/a> &#8211; Activit\u00e9 payante : 5\u20ac par famille (tarif r\u00e9duit gr\u00e2ce \u00e0 l&rsquo;aide du R.E.A.A.P du Calvados)<\/p>\n\n\n\n<p class=\"has-medium-font-size\">Accompagn\u00e9e de son tapis d&rsquo;automne, La\u00ebtitia Peyre fera appara\u00eetre entre les feuilles de toutes les couleurs des histoires et des comptines ! Vous retrouverez tous le d\u00e9tail de ces ateliers sur le lien de r\u00e9servation inscrit ci-dessus.<br>Ouvert \u00e0 tous, ils sont particuli\u00e8rement adapt\u00e9s aux jeunes enfants, d\u00e8s la naissance jusqu&rsquo;\u00e0 5 ans.<\/p>\n<\/div><\/div>\n","protected":false},"excerpt":{"rendered":"<p>Retrouvez sur cette page les formulaires d&rsquo;inscription pour nos prochains ateliers parents-enfants. Aucun formulaire n&rsquo;est visible ? Pas de panique [&hellip;]<\/p>\n","protected":false},"author":1,"featured_media":0,"parent":0,"menu_order":0,"comment_status":"closed","ping_status":"closed","template":"","meta":{"site-sidebar-layout":"default","site-content-layout":"","ast-site-content-layout":"default","site-content-style":"default","site-sidebar-style":"default","ast-global-header-display":"","ast-banner-title-visibility":"","ast-main-header-display":"","ast-hfb-above-header-display":"","ast-hfb-below-header-display":"","ast-hfb-mobile-header-display":"","site-post-title":"","ast-breadcrumbs-content":"","ast-featured-img":"","footer-sml-layout":"","ast-disable-related-posts":"","theme-transparent-header-meta":"","adv-header-id-meta":"","stick-header-meta":"","header-above-stick-meta":"","header-main-stick-meta":"","header-below-stick-meta":"","astra-migrate-meta-layouts":"default","ast-page-background-enabled":"default","ast-page-background-meta":{"desktop":{"background-color":"var(--ast-global-color-5)","background-image":"","background-repeat":"repeat","background-position":"center center","background-size":"auto","background-attachment":"scroll","background-type":"","background-media":"","overlay-type":"","overlay-color":"","overlay-opacity":"","overlay-gradient":""},"tablet":{"background-color":"","background-image":"","background-repeat":"repeat","background-position":"center center","background-size":"auto","background-attachment":"scroll","background-type":"","background-media":"","overlay-type":"","overlay-color":"","overlay-opacity":"","overlay-gradient":""},"mobile":{"background-color":"","background-image":"","background-repeat":"repeat","background-position":"center center","background-size":"auto","background-attachment":"scroll","background-type":"","background-media":"","overlay-type":"","overlay-color":"","overlay-opacity":"","overlay-gradient":""}},"ast-content-background-meta":{"desktop":{"background-color":"var(--ast-global-color-4)","background-image":"","background-repeat":"repeat","background-position":"center center","background-size":"auto","background-attachment":"scroll","background-type":"","background-media":"","overlay-type":"","overlay-color":"","overlay-opacity":"","overlay-gradient":""},"tablet":{"background-color":"var(--ast-global-color-4)","background-image":"","background-repeat":"repeat","background-position":"center center","background-size":"auto","background-attachment":"scroll","background-type":"","background-media":"","overlay-type":"","overlay-color":"","overlay-opacity":"","overlay-gradient":""},"mobile":{"background-color":"var(--ast-global-color-4)","background-image":"","background-repeat":"repeat","background-position":"center center","background-size":"auto","background-attachment":"scroll","background-type":"","background-media":"","overlay-type":"","overlay-color":"","overlay-opacity":"","overlay-gradient":""}},"footnotes":""},"class_list":["post-1336","page","type-page","status-publish","hentry"],"_links":{"self":[{"href":"https:\/\/www.jeuxmamuse.fr\/index.php\/wp-json\/wp\/v2\/pages\/1336","targetHints":{"allow":["GET"]}}],"collection":[{"href":"https:\/\/www.jeuxmamuse.fr\/index.php\/wp-json\/wp\/v2\/pages"}],"about":[{"href":"https:\/\/www.jeuxmamuse.fr\/index.php\/wp-json\/wp\/v2\/types\/page"}],"author":[{"embeddable":true,"href":"https:\/\/www.jeuxmamuse.fr\/index.php\/wp-json\/wp\/v2\/users\/1"}],"replies":[{"embeddable":true,"href":"https:\/\/www.jeuxmamuse.fr\/index.php\/wp-json\/wp\/v2\/comments?post=1336"}],"version-history":[{"count":41,"href":"https:\/\/www.jeuxmamuse.fr\/index.php\/wp-json\/wp\/v2\/pages\/1336\/revisions"}],"predecessor-version":[{"id":1893,"href":"https:\/\/www.jeuxmamuse.fr\/index.php\/wp-json\/wp\/v2\/pages\/1336\/revisions\/1893"}],"wp:attachment":[{"href":"https:\/\/www.jeuxmamuse.fr\/index.php\/wp-json\/wp\/v2\/media?parent=1336"}],"curies":[{"name":"wp","href":"https:\/\/api.w.org\/{rel}","templated":true}]}}