{"id":1272,"date":"2020-05-14T16:13:23","date_gmt":"2020-05-14T14:13:23","guid":{"rendered":"http:\/\/www.jeuxmamuse.fr\/?page_id=1272"},"modified":"2021-02-18T15:00:02","modified_gmt":"2021-02-18T14:00:02","slug":"formulaire-de-reservation-de-jeux","status":"publish","type":"page","link":"https:\/\/www.jeuxmamuse.fr\/index.php\/formulaire-de-reservation-de-jeux\/","title":{"rendered":"Drive pi\u00e9ton"},"content":{"rendered":"\n<p class=\"has-medium-font-size\">Bonne nouvelle ! Nous sommes contents de pouvoir vous proposer l&#8217;emprunt de jeux et jouets \u00e0 la ludoth\u00e8que.<\/p>\n\n\n\n<p class=\"has-medium-font-size\">Vous pouvez ramener et emprunter des jeux les <strong>mercredis<\/strong> et <strong>samedis apr\u00e8s-midis<\/strong> de <strong>14h00 \u00e0 17h45<\/strong>. En cons\u00e9quence de la r\u00e9duction des cr\u00e9neaux horaires en raison de la mise en place d&rsquo;un couvre-feu national \u00e0 18h00, nous vous proposons d\u00e9sormais un cr\u00e9neau les <strong>samedis matins<\/strong> de <strong>10h00 \u00e0 13h00<\/strong>.<\/p>\n\n\n\n<p class=\"has-medium-font-size\">Un syst\u00e8me de r\u00e9servation via ce formulaire est mis en place afin que vous puissiez pr\u00e9s\u00e9lectionner les jeux que vous souhaitez emprunter. Pour ramener vos jeux, vous pouvez \u00e9galement venir les d\u00e9poser par l&rsquo;entr\u00e9e des bureaux administratifs (entr\u00e9e derri\u00e8re l&rsquo;arr\u00eat de bus) de 09h00 \u00e0 17h00 du lundi au jeudi et de 09h00 \u00e0 16h00 le vendredi. <\/p>\n\n\n\n<p class=\"has-medium-font-size\">Pour rappel, merci d&rsquo;appliquer ce <a href=\"https:\/\/l.facebook.com\/l.php?u=http%3A%2F%2Fwww.jeuxmamuse.fr%2Fwp-content%2Fuploads%2F2020%2F05%2FProc%25C3%25A9dure-r%25C3%25A9ouverture-de-la-ludo.pdf%3Ffbclid%3DIwAR1puVIwR3l1jMDKyg8F8fWPBzwxvaHMBjylkW6Vk_JVENYkVpWvT8A-sv8&amp;h=AT1loh7yuczlcwxnzClG2QNLXFRabMEa1MtvDsciFSglbgCQksPIASjZfgum8pjzfs4Ax0mOFxMsmm-Yp91shDVB959syE9hOxFAUAW5vcivLqcD5SAdq4_T9ebwz_HaGdc&amp;__tn__=-UK-R&amp;c[0]=AT023kG8aNrcigjXREu_LfO8gwoLCSK4mtoNSEDfTXb6XHujEmaIIp7ZyuNXGonar7bXx-EGnJ6FoT_atNO6PRlFLvWXwxdEcwH1p3k2xpdoU_wPLIdD_mwQdgH7TrKpPlHq543c2uBvtpgniYYGWvmWLNIYOFnaklD79Pfp2We8rfOW8SuKViSAYrBvk8s3zB2x0oMWKFNNRlrUlxh4yA\" target=\"_blank\" rel=\"noreferrer noopener\">protocole<\/a> lors de votre venue au \u00ab\u00a0drive pi\u00e9ton\u00a0\u00bb de la ludoth\u00e8que.<\/p>\n\n\n\n<h2 class=\"has-text-align-center wp-block-heading\">Formulaire de r\u00e9servation de jeux<a href=\"https:\/\/business.facebook.com\/232591980815822\/photos\/p.870956120312735\/870956120312735\/?type=3&amp;__cft__[0]=AZUj9kTO2_x7P0H-byjhMGA9n3ZeVb4imLdAH8GAQOz5X2WXKQaJj22vXtZXDCfHx2fzmozj_iCD53bgPw5YmGA2NzqKuF3keHFKQ5qeSmjpaWrUs5k6j_BYJdCbrQEQD80&amp;__tn__=EH-R\"><\/a><\/h2>\n\n\n\n<p class=\"has-medium-font-size\">Vous trouverez ci-dessous les catalogues de nos jeux :<\/p>\n\n\n\n<ul class=\"wp-block-list\"><li><a href=\"https:\/\/www.jeuxmamuse.fr\/wp-content\/uploads\/2020\/05\/liste_jeux_ludotheque_jeux_mamuse.pdf\" target=\"_blank\" rel=\"noreferrer noopener\">Liste compl\u00e8te en pdf <\/a><\/li><li><a rel=\"noreferrer noopener\" href=\"https:\/\/www.myludo.fr\/#!\/profil\/ludotheque-jeux-m-amuse-15402\/collection\/*\/*\/*\/*\/*\/*\/468\/bydatedesc\" target=\"_blank\">Liste non exhaustive (467 titres quand m\u00eame)<\/a> &#8211; Site Myludo<\/li><\/ul>\n\n\n<div class=\"everest-forms\"><p class=\"everst-forms-form-disable-notice everest-forms-notice everest-forms-notice--info\">Ce formulaire n&#039;est plus disponible. <\/p><\/div>\n\n\n<p><br><\/p>\n\n\n\n<p><\/p>\n","protected":false},"excerpt":{"rendered":"<p>Bonne nouvelle ! Nous sommes contents de pouvoir vous proposer l&#8217;emprunt de jeux et jouets \u00e0 la ludoth\u00e8que. Vous pouvez [&hellip;]<\/p>\n","protected":false},"author":1,"featured_media":0,"parent":0,"menu_order":0,"comment_status":"closed","ping_status":"closed","template":"","meta":{"site-sidebar-layout":"default","site-content-layout":"","ast-site-content-layout":"default","site-content-style":"default","site-sidebar-style":"default","ast-global-header-display":"","ast-banner-title-visibility":"","ast-main-header-display":"","ast-hfb-above-header-display":"","ast-hfb-below-header-display":"","ast-hfb-mobile-header-display":"","site-post-title":"","ast-breadcrumbs-content":"","ast-featured-img":"","footer-sml-layout":"","ast-disable-related-posts":"","theme-transparent-header-meta":"","adv-header-id-meta":"","stick-header-meta":"","header-above-stick-meta":"","header-main-stick-meta":"","header-below-stick-meta":"","astra-migrate-meta-layouts":"default","ast-page-background-enabled":"default","ast-page-background-meta":{"desktop":{"background-color":"var(--ast-global-color-5)","background-image":"","background-repeat":"repeat","background-position":"center center","background-size":"auto","background-attachment":"scroll","background-type":"","background-media":"","overlay-type":"","overlay-color":"","overlay-opacity":"","overlay-gradient":""},"tablet":{"background-color":"","background-image":"","background-repeat":"repeat","background-position":"center center","background-size":"auto","background-attachment":"scroll","background-type":"","background-media":"","overlay-type":"","overlay-color":"","overlay-opacity":"","overlay-gradient":""},"mobile":{"background-color":"","background-image":"","background-repeat":"repeat","background-position":"center center","background-size":"auto","background-attachment":"scroll","background-type":"","background-media":"","overlay-type":"","overlay-color":"","overlay-opacity":"","overlay-gradient":""}},"ast-content-background-meta":{"desktop":{"background-color":"var(--ast-global-color-4)","background-image":"","background-repeat":"repeat","background-position":"center center","background-size":"auto","background-attachment":"scroll","background-type":"","background-media":"","overlay-type":"","overlay-color":"","overlay-opacity":"","overlay-gradient":""},"tablet":{"background-color":"var(--ast-global-color-4)","background-image":"","background-repeat":"repeat","background-position":"center center","background-size":"auto","background-attachment":"scroll","background-type":"","background-media":"","overlay-type":"","overlay-color":"","overlay-opacity":"","overlay-gradient":""},"mobile":{"background-color":"var(--ast-global-color-4)","background-image":"","background-repeat":"repeat","background-position":"center center","background-size":"auto","background-attachment":"scroll","background-type":"","background-media":"","overlay-type":"","overlay-color":"","overlay-opacity":"","overlay-gradient":""}},"footnotes":""},"class_list":["post-1272","page","type-page","status-publish","hentry"],"_links":{"self":[{"href":"https:\/\/www.jeuxmamuse.fr\/index.php\/wp-json\/wp\/v2\/pages\/1272","targetHints":{"allow":["GET"]}}],"collection":[{"href":"https:\/\/www.jeuxmamuse.fr\/index.php\/wp-json\/wp\/v2\/pages"}],"about":[{"href":"https:\/\/www.jeuxmamuse.fr\/index.php\/wp-json\/wp\/v2\/types\/page"}],"author":[{"embeddable":true,"href":"https:\/\/www.jeuxmamuse.fr\/index.php\/wp-json\/wp\/v2\/users\/1"}],"replies":[{"embeddable":true,"href":"https:\/\/www.jeuxmamuse.fr\/index.php\/wp-json\/wp\/v2\/comments?post=1272"}],"version-history":[{"count":8,"href":"https:\/\/www.jeuxmamuse.fr\/index.php\/wp-json\/wp\/v2\/pages\/1272\/revisions"}],"predecessor-version":[{"id":1653,"href":"https:\/\/www.jeuxmamuse.fr\/index.php\/wp-json\/wp\/v2\/pages\/1272\/revisions\/1653"}],"wp:attachment":[{"href":"https:\/\/www.jeuxmamuse.fr\/index.php\/wp-json\/wp\/v2\/media?parent=1272"}],"curies":[{"name":"wp","href":"https:\/\/api.w.org\/{rel}","templated":true}]}}